{"id":3433,"date":"2026-02-14T07:08:37","date_gmt":"2026-02-14T07:08:37","guid":{"rendered":"https:\/\/gymtiva.com\/preferencias-de-exclusion\/"},"modified":"2026-04-18T08:22:43","modified_gmt":"2026-04-18T08:22:43","slug":"preferencias-de-exclusion","status":"publish","type":"page","link":"https:\/\/gymtiva.com\/es\/preferencias-de-exclusion\/","title":{"rendered":"Preferencias de exclusi\u00f3n"},"content":{"rendered":"\n<!-- Legal document generated by Complianz | GDPR\/CCPA Cookie Consent https:\/\/wordpress.org\/plugins\/complianz-gdpr -->\n<div id=\"cmplz-document\" class=\"cmplz-document cookie-statement cmplz-document-us\"><p><i>This page was last changed on febrero 14, 2026, last checked on febrero 14, 2026 and applies to citizens and legal permanent residents of the United States. <\/i><br \/><\/p><h2>1. Introduction<\/h2><p>Our website, <a href=\"https:\/\/gymtiva.com\/es\/\">https:\/\/gymtiva.com\/es\/<\/a> (hereinafter: \u00abthe website\u00bb) uses cookies and other related technologies (for convenience all technologies are referred to as \u00abcookies\u00bb). Cookies are also placed by third parties we have engaged. In the document below we inform you about the use of cookies on our website.<\/p><h2>2. Cookies<\/h2><p>When you visit our website it can be necessary to store and\/or read certain data from your device by using technologies such as cookies.<\/p><p class=\"cmplz-subtitle\">2.1 Technical or functional cookies<\/p><p>Some cookies ensure that certain parts of the website work properly and that your user preferences remain known. By placing functional cookies, we make it easier for you to visit our website. This way, you do not need to repeatedly enter the same information when visiting our website and, for example, the items remain in your shopping cart until you have paid. We may place these cookies without your consent.<\/p><p class=\"cmplz-subtitle\">2.2 Statistics cookies<\/p><p>We use statistics cookies to optimize the website experience for our users. With these statistics cookies we get insights in the usage of our website.<\/p><h2>3. Placed cookies<\/h2><p><p>Most of these technologies have a function, a purpose, and an expiration period.<\/p><ol>\n                      <li>A function is a particular task a technology has. So a function can be to \u00abstore certain data.\u00bb<\/li>\n                      <li>Purpose is \u00abthe Why\u00bb behind the function. Maybe the data is stored because it is needed for statistics.<\/li>\n                      <li>The expiration period shows the length of the period the used technology can \u201cstore or read certain data.\u00bb<\/li>\n                  <\/ol><\/p><div id=\"cmplz-cookies-overview\"><\/div><h2>4. Browser and Device based Consent<\/h2><p>When you visit our website for the first time, we will show you a pop-up with an explanation about cookies. You do have the right to opt-out and to object against the further use of non-functional cookies.<\/p><p class=\"cmplz-subtitle\">4.1 Manage your opt-out preferences<\/p><div id=\"cmplz-manage-consent-container-nojavascript\">Ha cargado la Pol\u00edtica de cookies sin soporte de javascript.&nbsp;En AMP, puedes utilizar el bot\u00f3n de gestionar el consentimiento en la parte inferior de la p\u00e1gina.<\/div><div id=\"cmplz-manage-consent-container\" name=\"cmplz-manage-consent-container\" class=\"cmplz-manage-consent-container\"><\/div><h2>5. Enabling\/disabling and deleting cookies<\/h2><p>You can use your internet browser to automatically or manually delete cookies. You can also specify that certain cookies may not be placed. Another option is to change the settings of your internet browser so that you receive a message each time a cookie is placed. For more information about these options, please refer to the instructions in the Help section of your browser.<\/p><p>Ten en cuenta que nuestro sitio web puede no funcionar correctamente si se deshabilitan todas las cookies. Si decides eliminar las cookies de tu navegador, se volver\u00e1n a colocar despu\u00e9s de que des tu consentimiento la pr\u00f3xima vez que visites nuestro sitio web.<\/p><h2>6. Your rights with respect to personal data<\/h2><p>You have the following rights with respect to your personal data:<\/p><ul>\n                <li>you may submit a request for access to the data we process about you;<\/li>\n                <li>you may object to the processing;<\/li>\n                <li>you may request an overview, in a commonly used format, of the data we process about you;<\/li>\n                <li>you may request correction or deletion of the data if it is incorrect or not or no longer relevant, or to ask to restrict the processing of the data.<\/li>\n            <\/ul><p>To exercise these rights, please contact us. Please refer to the contact details at the bottom of this Cookie Policy. If you have a complaint about how we handle your data, we would like to hear from you.<\/p><p>For more information about your rights with respect to personal data, please refer to our <a href=\"https:\/\/gymtiva.com\/es\/declaracion-de-privacidad-ee-uu\/\" target=\"_blank\">Privacy Statement<\/a><\/p><h2>7. Contact details<\/h2><p>For questions and\/or comments about our Cookie Policy and this statement, please contact us by using the following contact details:<\/p><p><span class=\"cmplz-contact-organisation\">Dalum Software LLC<\/span><br \/>\n                      <span class=\"cmplz-contact-address\">2436 Pablo Kisel Blvd. 1086, Brownsville, Texas, 78526<\/span><br \/>\n                      <span class=\"cmplz-contact-country\">Estados Unidos<\/span><br \/>\n                      <span class=\"cmplz-contact-domain\">Website: <a href=\"https:\/\/gymtiva.com\/es\/\">https:\/\/gymtiva.com\/es\/<\/a><\/span><br \/>\n                      <span class=\"cmplz-contact-email\">Email: <span class=\"cmplz-obfuscate\">&#108;&#101;&#103;&#097;&#108;@<span class=\"cmplz-fmail-domain\">&#101;&#120;.com<\/span>&#103;y&#109;&#116;&#105;va.com<\/span><\/span><br \/>\n                      <span class=\"cmplz-contact-telephone\"><\/span><\/p><p>This Cookie Policy was synchronized with <a href=\"https:\/\/cookiedatabase.org\/\" target=\"_blank\">cookiedatabase.org<\/a> on abril 16, 2026.<\/p><\/div>","protected":false},"excerpt":{"rendered":"","protected":false},"author":1,"featured_media":0,"parent":0,"menu_order":0,"comment_status":"closed","ping_status":"closed","template":"","meta":{"_uag_custom_page_level_css":"","site-sidebar-layout":"default","site-content-layout":"","ast-site-content-layout":"default","site-content-style":"default","site-sidebar-style":"default","ast-global-header-display":"","ast-banner-title-visibility":"","ast-main-header-display":"","ast-hfb-above-header-display":"","ast-hfb-below-header-display":"","ast-hfb-mobile-header-display":"","site-post-title":"disabled","ast-breadcrumbs-content":"","ast-featured-img":"","footer-sml-layout":"","ast-disable-related-posts":"","theme-transparent-header-meta":"","adv-header-id-meta":"","stick-header-meta":"","header-above-stick-meta":"","header-main-stick-meta":"","header-below-stick-meta":"","astra-migrate-meta-layouts":"default","ast-page-background-enabled":"default","ast-page-background-meta":{"desktop":{"background-color":"var(--ast-global-color-4)","background-image":"","background-repeat":"repeat","background-position":"center center","background-size":"auto","background-attachment":"scroll","background-type":"","background-media":"","overlay-type":"","overlay-color":"","overlay-opacity":"","overlay-gradient":""},"tablet":{"background-color":"","background-image":"","background-repeat":"repeat","background-position":"center center","background-size":"auto","background-attachment":"scroll","background-type":"","background-media":"","overlay-type":"","overlay-color":"","overlay-opacity":"","overlay-gradient":""},"mobile":{"background-color":"","background-image":"","background-repeat":"repeat","background-position":"center center","background-size":"auto","background-attachment":"scroll","background-type":"","background-media":"","overlay-type":"","overlay-color":"","overlay-opacity":"","overlay-gradient":""}},"ast-content-background-meta":{"desktop":{"background-color":"var(--ast-global-color-5)","background-image":"","background-repeat":"repeat","background-position":"center center","background-size":"auto","background-attachment":"scroll","background-type":"","background-media":"","overlay-type":"","overlay-color":"","overlay-opacity":"","overlay-gradient":""},"tablet":{"background-color":"var(--ast-global-color-5)","background-image":"","background-repeat":"repeat","background-position":"center center","background-size":"auto","background-attachment":"scroll","background-type":"","background-media":"","overlay-type":"","overlay-color":"","overlay-opacity":"","overlay-gradient":""},"mobile":{"background-color":"var(--ast-global-color-5)","background-image":"","background-repeat":"repeat","background-position":"center center","background-size":"auto","background-attachment":"scroll","background-type":"","background-media":"","overlay-type":"","overlay-color":"","overlay-opacity":"","overlay-gradient":""}},"footnotes":""},"class_list":["post-3433","page","type-page","status-publish","hentry"],"spectra_custom_meta":{"surerank_seo_checks":["a:13:{s:14:\"h2_subheadings\";a:3:{s:6:\"status\";s:7:\"warning\";s:7:\"message\";s:42:\"The page does not contain any subheadings.\";s:4:\"type\";s:4:\"page\";}s:13:\"media_present\";a:3:{s:6:\"status\";s:7:\"warning\";s:7:\"message\";s:39:\"No images or videos found on this page.\";s:4:\"type\";s:4:\"page\";}s:13:\"links_present\";a:3:{s:6:\"status\";s:7:\"warning\";s:7:\"message\";s:27:\"No links found on the page.\";s:4:\"type\";s:4:\"page\";}s:10:\"url_length\";a:3:{s:6:\"status\";s:7:\"success\";s:7:\"message\";s:35:\"Page URL is short and SEO-friendly.\";s:4:\"type\";s:4:\"page\";}s:19:\"search_engine_title\";a:3:{s:6:\"status\";s:7:\"success\";s:7:\"message\";s:55:\"Search engine title is present and under 60 characters.\";s:4:\"type\";s:4:\"page\";}s:25:\"search_engine_description\";a:3:{s:6:\"status\";s:7:\"warning\";s:7:\"message\";s:49:\"Search engine description is missing on the page.\";s:4:\"type\";s:4:\"page\";}s:13:\"canonical_url\";a:3:{s:6:\"status\";s:7:\"success\";s:7:\"message\";s:37:\"Canonical tag is present on the page.\";s:4:\"type\";s:4:\"page\";}s:15:\"open_graph_tags\";a:3:{s:6:\"status\";s:7:\"success\";s:7:\"message\";s:40:\"Open Graph tags are present on the page.\";s:4:\"type\";s:4:\"page\";}s:16:\"keyword_in_title\";a:3:{s:6:\"status\";s:10:\"suggestion\";s:7:\"message\";s:38:\"No focus keyword set to analyze title.\";s:4:\"type\";s:7:\"keyword\";}s:22:\"keyword_in_description\";a:3:{s:6:\"status\";s:10:\"suggestion\";s:7:\"message\";s:49:\"No focus keyword set to analyze meta description.\";s:4:\"type\";s:7:\"keyword\";}s:14:\"keyword_in_url\";a:3:{s:6:\"status\";s:10:\"suggestion\";s:7:\"message\";s:36:\"No focus keyword set to analyze URL.\";s:4:\"type\";s:7:\"keyword\";}s:18:\"keyword_in_content\";a:3:{s:6:\"status\";s:10:\"suggestion\";s:7:\"message\";s:40:\"No focus keyword set to analyze content.\";s:4:\"type\";s:7:\"keyword\";}s:12:\"broken_links\";a:2:{s:6:\"status\";s:7:\"success\";s:7:\"message\";s:34:\"No broken links found on the page.\";}}"],"surerank_seo_checks_last_updated":["1776500564"],"_last_translation_edit_mode":["translation-editor"],"ast-main-header-display":[""],"ast-hfb-above-header-display":[""],"ast-hfb-below-header-display":[""],"ast-hfb-mobile-header-display":[""],"adv-header-id-meta":[""],"footer-sml-layout":[""],"stick-header-meta":[""],"header-main-stick-meta":[""],"header-above-stick-meta":[""],"header-below-stick-meta":[""],"site-post-title":["disabled"],"site-sidebar-layout":["default"],"site-content-layout":[""],"ast-featured-img":[""],"ast-breadcrumbs-content":[""],"theme-transparent-header-meta":[""],"ast-banner-title-visibility":[""],"ast-global-header-display":[""],"ast-site-content-layout":["default"],"site-content-style":["default"],"site-sidebar-style":["default"],"_top_nav_excluded":[""],"_cms_nav_minihome":[""],"_wpml_word_count":["5"],"_uag_page_assets":["a:9:{s:3:\"css\";s:7516:\".uag-blocks-common-selector{z-index:var(--z-index-desktop) !important}@media (max-width: 976px){.uag-blocks-common-selector{z-index:var(--z-index-tablet) !important}}@media (max-width: 767px){.uag-blocks-common-selector{z-index:var(--z-index-mobile) !important}}\n.wp-block-uagb-image{display:flex}.wp-block-uagb-image__figure{position:relative;display:flex;flex-direction:column;max-width:100%;height:auto;margin:0}.wp-block-uagb-image__figure img{height:auto;display:flex;max-width:100%;transition:box-shadow 0.2s ease}.wp-block-uagb-image__figure>a{display:inline-block}.wp-block-uagb-image__figure figcaption{text-align:center;margin-top:0.5em;margin-bottom:1em}.wp-block-uagb-image .components-placeholder.block-editor-media-placeholder .components-placeholder__instructions{align-self:center}.wp-block-uagb-image--align-left{text-align:left}.wp-block-uagb-image--align-right{text-align:right}.wp-block-uagb-image--align-center{text-align:center}.wp-block-uagb-image--align-full .wp-block-uagb-image__figure{margin-left:calc(50% - 50vw);margin-right:calc(50% - 50vw);max-width:100vw;width:100vw;height:auto}.wp-block-uagb-image--align-full .wp-block-uagb-image__figure img{height:auto;width:100% !important}.wp-block-uagb-image--align-wide .wp-block-uagb-image__figure img{height:auto;width:100%}.wp-block-uagb-image--layout-overlay__color-wrapper{position:absolute;left:0;top:0;right:0;bottom:0;opacity:0.2;background:rgba(0,0,0,0.5);transition:opacity 0.35s ease-in-out}.wp-block-uagb-image--layout-overlay-link{position:absolute;left:0;right:0;bottom:0;top:0}.wp-block-uagb-image--layout-overlay .wp-block-uagb-image__figure:hover .wp-block-uagb-image--layout-overlay__color-wrapper{opacity:1}.wp-block-uagb-image--layout-overlay__inner{position:absolute;left:15px;right:15px;bottom:15px;top:15px;display:flex;align-items:center;justify-content:center;flex-direction:column;border-color:#fff;transition:0.35s ease-in-out}.wp-block-uagb-image--layout-overlay__inner.top-left,.wp-block-uagb-image--layout-overlay__inner.top-center,.wp-block-uagb-image--layout-overlay__inner.top-right{justify-content:flex-start}.wp-block-uagb-image--layout-overlay__inner.bottom-left,.wp-block-uagb-image--layout-overlay__inner.bottom-center,.wp-block-uagb-image--layout-overlay__inner.bottom-right{justify-content:flex-end}.wp-block-uagb-image--layout-overlay__inner.top-left,.wp-block-uagb-image--layout-overlay__inner.center-left,.wp-block-uagb-image--layout-overlay__inner.bottom-left{align-items:flex-start}.wp-block-uagb-image--layout-overlay__inner.top-right,.wp-block-uagb-image--layout-overlay__inner.center-right,.wp-block-uagb-image--layout-overlay__inner.bottom-right{align-items:flex-end}.wp-block-uagb-image--layout-overlay__inner .uagb-image-heading{color:#fff;transition:transform 0.35s, opacity 0.35s ease-in-out;transform:translate3d(0, 24px, 0);margin:0;line-height:1em}.wp-block-uagb-image--layout-overlay__inner .uagb-image-separator{width:30%;border-top-width:2px;border-top-color:#fff;border-top-style:solid;margin-bottom:10px;opacity:0;transition:transform 0.4s, opacity 0.4s ease-in-out;transform:translate3d(0, 30px, 0)}.wp-block-uagb-image--layout-overlay__inner .uagb-image-caption{opacity:0;overflow:visible;color:#fff;transition:transform 0.45s, opacity 0.45s ease-in-out;transform:translate3d(0, 35px, 0)}.wp-block-uagb-image--layout-overlay__inner:hover .uagb-image-heading,.wp-block-uagb-image--layout-overlay__inner:hover .uagb-image-separator,.wp-block-uagb-image--layout-overlay__inner:hover .uagb-image-caption{opacity:1;transform:translate3d(0, 0, 0)}.wp-block-uagb-image--effect-zoomin .wp-block-uagb-image__figure img,.wp-block-uagb-image--effect-zoomin .wp-block-uagb-image__figure .wp-block-uagb-image--layout-overlay__color-wrapper{transform:scale(1);transition:transform 0.35s ease-in-out}.wp-block-uagb-image--effect-zoomin .wp-block-uagb-image__figure:hover img,.wp-block-uagb-image--effect-zoomin .wp-block-uagb-image__figure:hover .wp-block-uagb-image--layout-overlay__color-wrapper{transform:scale(1.05)}.wp-block-uagb-image--effect-slide .wp-block-uagb-image__figure img,.wp-block-uagb-image--effect-slide .wp-block-uagb-image__figure .wp-block-uagb-image--layout-overlay__color-wrapper{width:calc(100% + 40px) !important;max-width:none !important;transform:translate3d(-40px, 0, 0);transition:transform 0.35s ease-in-out}.wp-block-uagb-image--effect-slide .wp-block-uagb-image__figure:hover img,.wp-block-uagb-image--effect-slide .wp-block-uagb-image__figure:hover .wp-block-uagb-image--layout-overlay__color-wrapper{transform:translate3d(0, 0, 0)}.wp-block-uagb-image--effect-grayscale img{filter:grayscale(0%);transition:0.35s ease-in-out}.wp-block-uagb-image--effect-grayscale:hover img{filter:grayscale(100%)}.wp-block-uagb-image--effect-blur img{filter:blur(0);transition:0.35s ease-in-out}.wp-block-uagb-image--effect-blur:hover img{filter:blur(3px)}\n.uagb-block-9a98b4b5.wp-block-uagb-image--layout-default figure img{box-shadow: 0px 0px 0 #00000070;}.uagb-block-9a98b4b5.wp-block-uagb-image .wp-block-uagb-image__figure figcaption{font-style: normal;align-self: center;}.uagb-block-9a98b4b5.wp-block-uagb-image--layout-overlay figure img{box-shadow: 0px 0px 0 #00000070;}.uagb-block-9a98b4b5.wp-block-uagb-image--layout-overlay .wp-block-uagb-image--layout-overlay__color-wrapper{opacity: 0.2;}.uagb-block-9a98b4b5.wp-block-uagb-image--layout-overlay .wp-block-uagb-image--layout-overlay__inner{left: 15px;right: 15px;top: 15px;bottom: 15px;}.uagb-block-9a98b4b5.wp-block-uagb-image--layout-overlay .wp-block-uagb-image--layout-overlay__inner .uagb-image-heading{font-style: normal;color: #fff;opacity: 1;}.uagb-block-9a98b4b5.wp-block-uagb-image--layout-overlay .wp-block-uagb-image--layout-overlay__inner .uagb-image-heading a{color: #fff;}.uagb-block-9a98b4b5.wp-block-uagb-image--layout-overlay .wp-block-uagb-image--layout-overlay__inner .uagb-image-caption{opacity: 0;}.uagb-block-9a98b4b5.wp-block-uagb-image--layout-overlay .wp-block-uagb-image__figure:hover .wp-block-uagb-image--layout-overlay__color-wrapper{opacity: 1;}.uagb-block-9a98b4b5.wp-block-uagb-image .wp-block-uagb-image--layout-overlay__inner .uagb-image-separator{width: 30%;border-top-width: 2px;border-top-color: #fff;opacity: 0;}.uagb-block-9a98b4b5.wp-block-uagb-image .wp-block-uagb-image__figure img{width: px;height: auto;}.uagb-block-9a98b4b5.wp-block-uagb-image .wp-block-uagb-image__figure:hover .wp-block-uagb-image--layout-overlay__inner .uagb-image-caption{opacity: 1;}.uagb-block-9a98b4b5.wp-block-uagb-image .wp-block-uagb-image__figure:hover .wp-block-uagb-image--layout-overlay__inner .uagb-image-separator{opacity: 1;}.uagb-block-9a98b4b5.wp-block-uagb-image--layout-default figure:hover img{box-shadow: 0px 0px 0 #00000070;}.uagb-block-9a98b4b5.wp-block-uagb-image--layout-overlay figure:hover img{box-shadow: 0px 0px 0 #00000070;}@media only screen and (max-width: 976px) {.uagb-block-9a98b4b5.wp-block-uagb-image .wp-block-uagb-image__figure img{width: px;height: auto;}.uagb-block-9a98b4b5.wp-block-uagb-image{text-align: left;justify-content: flex-start;align-self: flex-start;}.uagb-block-9a98b4b5 .wp-block-uagb-image__figure{align-items: flex-start;}}@media only screen and (max-width: 767px) {.uagb-block-9a98b4b5.wp-block-uagb-image .wp-block-uagb-image__figure img{width: px;height: auto;}.uagb-block-9a98b4b5.wp-block-uagb-image{text-align: center;justify-content: center;align-self: center;}.uagb-block-9a98b4b5 .wp-block-uagb-image__figure{align-items: center;}}\";s:2:\"js\";s:0:\"\";s:18:\"current_block_list\";a:31:{i:0;s:18:\"complianz\/document\";i:1;s:23:\"surecart\/slide-out-cart\";i:2;s:10:\"core\/group\";i:3;s:26:\"surecart\/cart-close-button\";i:4;s:14:\"core\/paragraph\";i:5;s:19:\"surecart\/cart-count\";i:6;s:34:\"surecart\/slide-out-cart-line-items\";i:9;s:29:\"surecart\/cart-line-item-image\";i:13;s:29:\"surecart\/cart-line-item-title\";i:15;s:34:\"surecart\/cart-line-item-price-name\";i:16;s:31:\"surecart\/cart-line-item-variant\";i:17;s:28:\"surecart\/cart-line-item-note\";i:18;s:30:\"surecart\/cart-line-item-status\";i:21;s:38:\"surecart\/cart-line-item-scratch-amount\";i:22;s:30:\"surecart\/cart-line-item-amount\";i:23;s:32:\"surecart\/cart-line-item-interval\";i:25;s:29:\"surecart\/cart-line-item-trial\";i:26;s:28:\"surecart\/cart-line-item-fees\";i:29;s:32:\"surecart\/cart-line-item-quantity\";i:31;s:30:\"surecart\/cart-line-item-remove\";i:33;s:38:\"surecart\/slide-out-cart-items-subtotal\";i:34;s:29:\"surecart\/cart-subtotal-amount\";i:35;s:36:\"surecart\/slide-out-cart-items-submit\";i:36;s:11:\"core\/search\";i:38;s:12:\"core\/heading\";i:39;s:17:\"core\/latest-posts\";i:40;s:20:\"core\/latest-comments\";i:41;s:13:\"core\/archives\";i:42;s:15:\"core\/categories\";i:43;s:10:\"uagb\/image\";i:44;s:10:\"core\/image\";}s:8:\"uag_flag\";b:1;s:11:\"uag_version\";s:10:\"1776524943\";s:6:\"gfonts\";a:0:{}s:10:\"gfonts_url\";s:0:\"\";s:12:\"gfonts_files\";a:0:{}s:14:\"uag_faq_layout\";b:0;}"],"_uag_css_file_name":["uag-css-3433.css"]},"uagb_featured_image_src":{"full":false,"thumbnail":false,"medium":false,"medium_large":false,"large":false,"1536x1536":false,"2048x2048":false},"uagb_author_info":{"display_name":"Jerry","author_link":"https:\/\/gymtiva.com\/es\/author\/user\/"},"uagb_comment_info":0,"uagb_excerpt":null,"_links":{"self":[{"href":"https:\/\/gymtiva.com\/es\/wp-json\/wp\/v2\/pages\/3433","targetHints":{"allow":["GET"]}}],"collection":[{"href":"https:\/\/gymtiva.com\/es\/wp-json\/wp\/v2\/pages"}],"about":[{"href":"https:\/\/gymtiva.com\/es\/wp-json\/wp\/v2\/types\/page"}],"author":[{"embeddable":true,"href":"https:\/\/gymtiva.com\/es\/wp-json\/wp\/v2\/users\/1"}],"replies":[{"embeddable":true,"href":"https:\/\/gymtiva.com\/es\/wp-json\/wp\/v2\/comments?post=3433"}],"version-history":[{"count":1,"href":"https:\/\/gymtiva.com\/es\/wp-json\/wp\/v2\/pages\/3433\/revisions"}],"predecessor-version":[{"id":3434,"href":"https:\/\/gymtiva.com\/es\/wp-json\/wp\/v2\/pages\/3433\/revisions\/3434"}],"wp:attachment":[{"href":"https:\/\/gymtiva.com\/es\/wp-json\/wp\/v2\/media?parent=3433"}],"curies":[{"name":"wp","href":"https:\/\/api.w.org\/{rel}","templated":true}]}}